{"id":14,"date":"2019-10-12T12:49:44","date_gmt":"2019-10-12T12:49:44","guid":{"rendered":"https:\/\/kinetikhane.com\/?page_id=14"},"modified":"2019-10-12T12:55:35","modified_gmt":"2019-10-12T12:55:35","slug":"anasayfa","status":"publish","type":"page","link":"https:\/\/kinetikhane.com\/","title":{"rendered":"Anasayfa"},"content":{"rendered":"\n<p>Anasayfa i\u00e7eri\u011fi burada olacak.<\/p>\n\n\n\n<figure class=\"wp-block-image\"><img fetchpriority=\"high\" decoding=\"async\" width=\"1024\" height=\"599\" src=\"https:\/\/kinetikhane.com\/wp-content\/uploads\/2019\/10\/20190822_153947000_iOS-1024x599.jpg\" alt=\"\" class=\"wp-image-10\" srcset=\"https:\/\/kinetikhane.com\/wp-content\/uploads\/2019\/10\/20190822_153947000_iOS-1024x599.jpg 1024w, https:\/\/kinetikhane.com\/wp-content\/uploads\/2019\/10\/20190822_153947000_iOS-300x175.jpg 300w, https:\/\/kinetikhane.com\/wp-content\/uploads\/2019\/10\/20190822_153947000_iOS-768x449.jpg 768w, https:\/\/kinetikhane.com\/wp-content\/uploads\/2019\/10\/20190822_153947000_iOS.jpg 1483w\" sizes=\"(max-width: 1024px) 100vw, 1024px\" \/><figcaption>Ho\u015fgeldiniz<\/figcaption><\/figure>\n\n\n\n<div class=\"wp-block-columns has-3-columns is-layout-flex wp-container-core-columns-is-layout-9d6595d7 wp-block-columns-is-layout-flex\">\n<div class=\"wp-block-column is-layout-flow wp-block-column-is-layout-flow\">\n<p>S\u00fctun 1<\/p>\n<\/div>\n\n\n\n<div class=\"wp-block-column is-layout-flow wp-block-column-is-layout-flow\">\n<p>S\u00fctun 2<\/p>\n<\/div>\n\n\n\n<div class=\"wp-block-column is-layout-flow wp-block-column-is-layout-flow\">\n<p>S\u00fctun 3<\/p>\n<\/div>\n<\/div>\n","protected":false},"excerpt":{"rendered":"<p>Anasayfa i\u00e7eri\u011fi burada olacak. S\u00fctun 1 S\u00fctun 2 S\u00fctun 3<\/p>\n","protected":false},"author":1,"featured_media":17,"parent":0,"menu_order":0,"comment_status":"closed","ping_status":"closed","template":"elementor_header_footer","meta":{"footnotes":""},"class_list":["post-14","page","type-page","status-publish","has-post-thumbnail","hentry"],"jetpack_sharing_enabled":true,"_links":{"self":[{"href":"https:\/\/kinetikhane.com\/index.php\/wp-json\/wp\/v2\/pages\/14","targetHints":{"allow":["GET"]}}],"collection":[{"href":"https:\/\/kinetikhane.com\/index.php\/wp-json\/wp\/v2\/pages"}],"about":[{"href":"https:\/\/kinetikhane.com\/index.php\/wp-json\/wp\/v2\/types\/page"}],"author":[{"embeddable":true,"href":"https:\/\/kinetikhane.com\/index.php\/wp-json\/wp\/v2\/users\/1"}],"replies":[{"embeddable":true,"href":"https:\/\/kinetikhane.com\/index.php\/wp-json\/wp\/v2\/comments?post=14"}],"version-history":[{"count":3,"href":"https:\/\/kinetikhane.com\/index.php\/wp-json\/wp\/v2\/pages\/14\/revisions"}],"predecessor-version":[{"id":19,"href":"https:\/\/kinetikhane.com\/index.php\/wp-json\/wp\/v2\/pages\/14\/revisions\/19"}],"wp:featuredmedia":[{"embeddable":true,"href":"https:\/\/kinetikhane.com\/index.php\/wp-json\/wp\/v2\/media\/17"}],"wp:attachment":[{"href":"https:\/\/kinetikhane.com\/index.php\/wp-json\/wp\/v2\/media?parent=14"}],"curies":[{"name":"wp","href":"https:\/\/api.w.org\/{rel}","templated":true}]}}